{"id":51,"date":"2025-06-27T14:05:21","date_gmt":"2025-06-27T14:05:21","guid":{"rendered":"http:\/\/www.kinesdesborromees.com\/?page_id=51"},"modified":"2025-07-01T14:00:50","modified_gmt":"2025-07-01T14:00:50","slug":"coordonnees","status":"publish","type":"page","link":"https:\/\/www.kinesdesborromees.com\/index.php\/coordonnees\/","title":{"rendered":"Coordonn\u00e9es"},"content":{"rendered":"\n<p>Adresse : <\/p>\n\n\n\n<div class=\"wp-block-group is-vertical is-layout-flex wp-container-core-group-is-layout-8cf370e7 wp-block-group-is-layout-flex\">\n<p>Centre M\u00e9diterran\u00e9en du Sport<\/p>\n\n\n\n<p> 20 Avenue des borrom\u00e9es<\/p>\n\n\n\n<p>R\u00e9sidence les Borrom\u00e9es B\u00e2timent U<\/p>\n\n\n\n<p>13012 Marseille <\/p>\n<\/div>\n\n\n\n<p>Coordonn\u00e9es : <\/p>\n\n\n\n<p>T\u00e9l\u00e9phone : 0491930034 \/ 0698957771<\/p>\n\n\n\n<p>Mail : scm.borromees@wanadoo.fr<\/p>\n\n\n\n<p><\/p>\n","protected":false},"excerpt":{"rendered":"<p>Adresse : Centre M\u00e9diterran\u00e9en du Sport 20 Avenue des borrom\u00e9es R\u00e9sidence les Borrom\u00e9es B\u00e2timent U 13012 Marseille Coordonn\u00e9es : T\u00e9l\u00e9phone : 0491930034 \/ 0698957771 Mail : scm.borromees@wanadoo.fr<\/p>\n","protected":false},"author":1,"featured_media":0,"parent":0,"menu_order":0,"comment_status":"closed","ping_status":"closed","template":"","meta":{"footnotes":""},"class_list":["post-51","page","type-page","status-publish","hentry"],"yoast_head":"<!-- This site is optimized with the Yoast SEO plugin v25.4 - https:\/\/yoast.com\/wordpress\/plugins\/seo\/ -->\n<title>Coordonn\u00e9es - Centre de R\u00e9\u00e9ducation des Borrom\u00e9es<\/title>\n<meta name=\"robots\" content=\"index, follow, max-snippet:-1, max-image-preview:large, max-video-preview:-1\" \/>\n<link rel=\"canonical\" href=\"https:\/\/www.kinesdesborromees.com\/index.php\/coordonnees\/\" \/>\n<meta property=\"og:locale\" content=\"fr_FR\" \/>\n<meta property=\"og:type\" content=\"article\" \/>\n<meta property=\"og:title\" content=\"Coordonn\u00e9es - Centre de R\u00e9\u00e9ducation des Borrom\u00e9es\" \/>\n<meta property=\"og:description\" content=\"Adresse : Centre M\u00e9diterran\u00e9en du Sport 20 Avenue des borrom\u00e9es R\u00e9sidence les Borrom\u00e9es B\u00e2timent U 13012 Marseille Coordonn\u00e9es : T\u00e9l\u00e9phone : 0491930034 \/ 0698957771 Mail : scm.borromees@wanadoo.fr\" \/>\n<meta property=\"og:url\" content=\"https:\/\/www.kinesdesborromees.com\/index.php\/coordonnees\/\" \/>\n<meta property=\"og:site_name\" content=\"Centre de R\u00e9\u00e9ducation des Borrom\u00e9es\" \/>\n<meta property=\"article:modified_time\" content=\"2025-07-01T14:00:50+00:00\" \/>\n<meta name=\"twitter:card\" content=\"summary_large_image\" \/>\n<meta name=\"twitter:label1\" content=\"Dur\u00e9e de lecture estim\u00e9e\" \/>\n\t<meta name=\"twitter:data1\" content=\"1 minute\" \/>\n<script type=\"application\/ld+json\" class=\"yoast-schema-graph\">{\"@context\":\"https:\/\/schema.org\",\"@graph\":[{\"@type\":\"WebPage\",\"@id\":\"https:\/\/www.kinesdesborromees.com\/index.php\/coordonnees\/\",\"url\":\"https:\/\/www.kinesdesborromees.com\/index.php\/coordonnees\/\",\"name\":\"Coordonn\u00e9es - Centre de R\u00e9\u00e9ducation des Borrom\u00e9es\",\"isPartOf\":{\"@id\":\"https:\/\/www.kinesdesborromees.com\/#website\"},\"datePublished\":\"2025-06-27T14:05:21+00:00\",\"dateModified\":\"2025-07-01T14:00:50+00:00\",\"breadcrumb\":{\"@id\":\"https:\/\/www.kinesdesborromees.com\/index.php\/coordonnees\/#breadcrumb\"},\"inLanguage\":\"fr-FR\",\"potentialAction\":[{\"@type\":\"ReadAction\",\"target\":[\"https:\/\/www.kinesdesborromees.com\/index.php\/coordonnees\/\"]}]},{\"@type\":\"BreadcrumbList\",\"@id\":\"https:\/\/www.kinesdesborromees.com\/index.php\/coordonnees\/#breadcrumb\",\"itemListElement\":[{\"@type\":\"ListItem\",\"position\":1,\"name\":\"Accueil\",\"item\":\"https:\/\/www.kinesdesborromees.com\/\"},{\"@type\":\"ListItem\",\"position\":2,\"name\":\"Coordonn\u00e9es\"}]},{\"@type\":\"WebSite\",\"@id\":\"https:\/\/www.kinesdesborromees.com\/#website\",\"url\":\"https:\/\/www.kinesdesborromees.com\/\",\"name\":\"Centre de R\u00e9\u00e9ducation des Borrom\u00e9es\",\"description\":\"Cabinet sp\u00e9cialis\u00e9 en Kin\u00e9sith\u00e9rapie du Sport\",\"publisher\":{\"@id\":\"https:\/\/www.kinesdesborromees.com\/#organization\"},\"potentialAction\":[{\"@type\":\"SearchAction\",\"target\":{\"@type\":\"EntryPoint\",\"urlTemplate\":\"https:\/\/www.kinesdesborromees.com\/?s={search_term_string}\"},\"query-input\":{\"@type\":\"PropertyValueSpecification\",\"valueRequired\":true,\"valueName\":\"search_term_string\"}}],\"inLanguage\":\"fr-FR\"},{\"@type\":\"Organization\",\"@id\":\"https:\/\/www.kinesdesborromees.com\/#organization\",\"name\":\"Centre de R\u00e9\u00e9ducation des Borrom\u00e9es\",\"url\":\"https:\/\/www.kinesdesborromees.com\/\",\"logo\":{\"@type\":\"ImageObject\",\"inLanguage\":\"fr-FR\",\"@id\":\"https:\/\/www.kinesdesborromees.com\/#\/schema\/logo\/image\/\",\"url\":\"http:\/\/www.kinesdesborromees.com\/wp-content\/uploads\/2025\/07\/logo_vectorized.png\",\"contentUrl\":\"http:\/\/www.kinesdesborromees.com\/wp-content\/uploads\/2025\/07\/logo_vectorized.png\",\"width\":960,\"height\":960,\"caption\":\"Centre de R\u00e9\u00e9ducation des Borrom\u00e9es\"},\"image\":{\"@id\":\"https:\/\/www.kinesdesborromees.com\/#\/schema\/logo\/image\/\"}}]}<\/script>\n<!-- \/ Yoast SEO plugin. -->","yoast_head_json":{"title":"Coordonn\u00e9es - Centre de R\u00e9\u00e9ducation des Borrom\u00e9es","robots":{"index":"index","follow":"follow","max-snippet":"max-snippet:-1","max-image-preview":"max-image-preview:large","max-video-preview":"max-video-preview:-1"},"canonical":"https:\/\/www.kinesdesborromees.com\/index.php\/coordonnees\/","og_locale":"fr_FR","og_type":"article","og_title":"Coordonn\u00e9es - Centre de R\u00e9\u00e9ducation des Borrom\u00e9es","og_description":"Adresse : Centre M\u00e9diterran\u00e9en du Sport 20 Avenue des borrom\u00e9es R\u00e9sidence les Borrom\u00e9es B\u00e2timent U 13012 Marseille Coordonn\u00e9es : T\u00e9l\u00e9phone : 0491930034 \/ 0698957771 Mail : scm.borromees@wanadoo.fr","og_url":"https:\/\/www.kinesdesborromees.com\/index.php\/coordonnees\/","og_site_name":"Centre de R\u00e9\u00e9ducation des Borrom\u00e9es","article_modified_time":"2025-07-01T14:00:50+00:00","twitter_card":"summary_large_image","twitter_misc":{"Dur\u00e9e de lecture estim\u00e9e":"1 minute"},"schema":{"@context":"https:\/\/schema.org","@graph":[{"@type":"WebPage","@id":"https:\/\/www.kinesdesborromees.com\/index.php\/coordonnees\/","url":"https:\/\/www.kinesdesborromees.com\/index.php\/coordonnees\/","name":"Coordonn\u00e9es - Centre de R\u00e9\u00e9ducation des Borrom\u00e9es","isPartOf":{"@id":"https:\/\/www.kinesdesborromees.com\/#website"},"datePublished":"2025-06-27T14:05:21+00:00","dateModified":"2025-07-01T14:00:50+00:00","breadcrumb":{"@id":"https:\/\/www.kinesdesborromees.com\/index.php\/coordonnees\/#breadcrumb"},"inLanguage":"fr-FR","potentialAction":[{"@type":"ReadAction","target":["https:\/\/www.kinesdesborromees.com\/index.php\/coordonnees\/"]}]},{"@type":"BreadcrumbList","@id":"https:\/\/www.kinesdesborromees.com\/index.php\/coordonnees\/#breadcrumb","itemListElement":[{"@type":"ListItem","position":1,"name":"Accueil","item":"https:\/\/www.kinesdesborromees.com\/"},{"@type":"ListItem","position":2,"name":"Coordonn\u00e9es"}]},{"@type":"WebSite","@id":"https:\/\/www.kinesdesborromees.com\/#website","url":"https:\/\/www.kinesdesborromees.com\/","name":"Centre de R\u00e9\u00e9ducation des Borrom\u00e9es","description":"Cabinet sp\u00e9cialis\u00e9 en Kin\u00e9sith\u00e9rapie du Sport","publisher":{"@id":"https:\/\/www.kinesdesborromees.com\/#organization"},"potentialAction":[{"@type":"SearchAction","target":{"@type":"EntryPoint","urlTemplate":"https:\/\/www.kinesdesborromees.com\/?s={search_term_string}"},"query-input":{"@type":"PropertyValueSpecification","valueRequired":true,"valueName":"search_term_string"}}],"inLanguage":"fr-FR"},{"@type":"Organization","@id":"https:\/\/www.kinesdesborromees.com\/#organization","name":"Centre de R\u00e9\u00e9ducation des Borrom\u00e9es","url":"https:\/\/www.kinesdesborromees.com\/","logo":{"@type":"ImageObject","inLanguage":"fr-FR","@id":"https:\/\/www.kinesdesborromees.com\/#\/schema\/logo\/image\/","url":"http:\/\/www.kinesdesborromees.com\/wp-content\/uploads\/2025\/07\/logo_vectorized.png","contentUrl":"http:\/\/www.kinesdesborromees.com\/wp-content\/uploads\/2025\/07\/logo_vectorized.png","width":960,"height":960,"caption":"Centre de R\u00e9\u00e9ducation des Borrom\u00e9es"},"image":{"@id":"https:\/\/www.kinesdesborromees.com\/#\/schema\/logo\/image\/"}}]}},"_links":{"self":[{"href":"https:\/\/www.kinesdesborromees.com\/index.php\/wp-json\/wp\/v2\/pages\/51","targetHints":{"allow":["GET"]}}],"collection":[{"href":"https:\/\/www.kinesdesborromees.com\/index.php\/wp-json\/wp\/v2\/pages"}],"about":[{"href":"https:\/\/www.kinesdesborromees.com\/index.php\/wp-json\/wp\/v2\/types\/page"}],"author":[{"embeddable":true,"href":"https:\/\/www.kinesdesborromees.com\/index.php\/wp-json\/wp\/v2\/users\/1"}],"replies":[{"embeddable":true,"href":"https:\/\/www.kinesdesborromees.com\/index.php\/wp-json\/wp\/v2\/comments?post=51"}],"version-history":[{"count":2,"href":"https:\/\/www.kinesdesborromees.com\/index.php\/wp-json\/wp\/v2\/pages\/51\/revisions"}],"predecessor-version":[{"id":62,"href":"https:\/\/www.kinesdesborromees.com\/index.php\/wp-json\/wp\/v2\/pages\/51\/revisions\/62"}],"wp:attachment":[{"href":"https:\/\/www.kinesdesborromees.com\/index.php\/wp-json\/wp\/v2\/media?parent=51"}],"curies":[{"name":"wp","href":"https:\/\/api.w.org\/{rel}","templated":true}]}}